{"id":926,"date":"2025-05-02T12:55:16","date_gmt":"2025-05-02T10:55:16","guid":{"rendered":"http:\/\/bastieb.cluster100.hosting.ovh.net\/?page_id=926"},"modified":"2025-05-07T15:40:46","modified_gmt":"2025-05-07T13:40:46","slug":"biografia","status":"publish","type":"page","link":"https:\/\/bastienbaumet.fr\/index.php\/es\/biografia\/","title":{"rendered":"biograf\u00eda"},"content":{"rendered":"\t\t<div data-elementor-type=\"wp-page\" data-elementor-id=\"926\" class=\"elementor elementor-926\">\n\t\t\t\t\t\t<section class=\"elementor-section elementor-top-section elementor-element elementor-element-f911be1 elementor-section-height-min-height elementor-section-boxed elementor-section-height-default elementor-section-items-middle wpr-particle-no wpr-jarallax-no wpr-parallax-no wpr-sticky-section-no\" data-id=\"f911be1\" data-element_type=\"section\" data-settings=\"{&quot;background_background&quot;:&quot;classic&quot;}\">\n\t\t\t\t\t\t\t<div class=\"elementor-background-overlay\"><\/div>\n\t\t\t\t\t\t\t<div class=\"elementor-container elementor-column-gap-default\">\n\t\t\t\t\t<div class=\"elementor-column elementor-col-100 elementor-top-column elementor-element elementor-element-5409945\" data-id=\"5409945\" data-element_type=\"column\">\n\t\t\t<div class=\"elementor-widget-wrap elementor-element-populated\">\n\t\t\t\t\t\t<div class=\"elementor-element elementor-element-d5c6ae4 elementor-icon-list--layout-inline elementor-align-center animated-slow elementor-list-item-link-full_width elementor-invisible elementor-widget elementor-widget-icon-list\" data-id=\"d5c6ae4\" data-element_type=\"widget\" data-settings=\"{&quot;_animation&quot;:&quot;fadeInUp&quot;}\" data-widget_type=\"icon-list.default\">\n\t\t\t\t<div class=\"elementor-widget-container\">\n\t\t\t\t\t\t\t<ul class=\"elementor-icon-list-items elementor-inline-items\">\n\t\t\t\t\t\t\t<li class=\"elementor-icon-list-item elementor-inline-item\">\n\t\t\t\t\t\t\t\t\t\t\t<a href=\"http:\/\/bastieb.cluster100.hosting.ovh.net\/index.php\/es\/home-es\/\">\n\n\t\t\t\t\t\t\t\t\t\t\t<span class=\"elementor-icon-list-text\">Inicio<\/span>\n\t\t\t\t\t\t\t\t\t\t\t<\/a>\n\t\t\t\t\t\t\t\t\t<\/li>\n\t\t\t\t\t\t\t\t<li class=\"elementor-icon-list-item elementor-inline-item\">\n\t\t\t\t\t\t\t\t\t\t\t<a href=\"#\">\n\n\t\t\t\t\t\t\t\t\t\t\t\t<span class=\"elementor-icon-list-icon\">\n\t\t\t\t\t\t\t<svg aria-hidden=\"true\" class=\"e-font-icon-svg e-fas-angle-right\" viewBox=\"0 0 256 512\" xmlns=\"http:\/\/www.w3.org\/2000\/svg\"><path d=\"M224.3 273l-136 136c-9.4 9.4-24.6 9.4-33.9 0l-22.6-22.6c-9.4-9.4-9.4-24.6 0-33.9l96.4-96.4-96.4-96.4c-9.4-9.4-9.4-24.6 0-33.9L54.3 103c9.4-9.4 24.6-9.4 33.9 0l136 136c9.5 9.4 9.5 24.6.1 34z\"><\/path><\/svg>\t\t\t\t\t\t<\/span>\n\t\t\t\t\t\t\t\t\t\t<span class=\"elementor-icon-list-text\">Biograf\u00eda<\/span>\n\t\t\t\t\t\t\t\t\t\t\t<\/a>\n\t\t\t\t\t\t\t\t\t<\/li>\n\t\t\t\t\t\t<\/ul>\n\t\t\t\t\t\t<\/div>\n\t\t\t\t<\/div>\n\t\t\t\t<div class=\"elementor-element elementor-element-6d8699b animated-slow elementor-invisible elementor-widget elementor-widget-heading\" data-id=\"6d8699b\" data-element_type=\"widget\" data-settings=\"{&quot;_animation&quot;:&quot;fadeInUp&quot;,&quot;_animation_delay&quot;:300}\" data-widget_type=\"heading.default\">\n\t\t\t\t<div class=\"elementor-widget-container\">\n\t\t\t\t\t<h2 class=\"elementor-heading-title elementor-size-default\">biograf\u00eda<\/h2>\t\t\t\t<\/div>\n\t\t\t\t<\/div>\n\t\t\t\t\t<\/div>\n\t\t<\/div>\n\t\t\t\t\t<\/div>\n\t\t<\/section>\n\t\t\t\t<section class=\"elementor-section elementor-top-section elementor-element elementor-element-6a84278 elementor-section-boxed elementor-section-height-default elementor-section-height-default wpr-particle-no wpr-jarallax-no wpr-parallax-no wpr-sticky-section-no\" data-id=\"6a84278\" data-element_type=\"section\" data-settings=\"{&quot;background_background&quot;:&quot;classic&quot;}\">\n\t\t\t\t\t\t\t<div class=\"elementor-background-overlay\"><\/div>\n\t\t\t\t\t\t\t<div class=\"elementor-container elementor-column-gap-default\">\n\t\t\t\t\t<div class=\"elementor-column elementor-col-100 elementor-top-column elementor-element elementor-element-f6ea3ea\" data-id=\"f6ea3ea\" data-element_type=\"column\">\n\t\t\t<div class=\"elementor-widget-wrap elementor-element-populated\">\n\t\t\t\t\t\t<section class=\"elementor-section elementor-inner-section elementor-element elementor-element-705b0a7 elementor-section-boxed elementor-section-height-default elementor-section-height-default wpr-particle-no wpr-jarallax-no wpr-parallax-no wpr-sticky-section-no\" data-id=\"705b0a7\" data-element_type=\"section\">\n\t\t\t\t\t\t<div class=\"elementor-container elementor-column-gap-default\">\n\t\t\t\t\t<div class=\"elementor-column elementor-col-100 elementor-inner-column elementor-element elementor-element-ee4eab5\" data-id=\"ee4eab5\" data-element_type=\"column\">\n\t\t\t<div class=\"elementor-widget-wrap elementor-element-populated\">\n\t\t\t\t\t\t<div class=\"elementor-element elementor-element-495adea animated-slow elementor-invisible elementor-widget elementor-widget-heading\" data-id=\"495adea\" data-element_type=\"widget\" data-settings=\"{&quot;_animation&quot;:&quot;fadeInUp&quot;}\" data-widget_type=\"heading.default\">\n\t\t\t\t<div class=\"elementor-widget-container\">\n\t\t\t\t\t<span class=\"elementor-heading-title elementor-size-default\">Solista internacional<\/span>\t\t\t\t<\/div>\n\t\t\t\t<\/div>\n\t\t\t\t<div class=\"elementor-element elementor-element-a5d5d55 animated-slow elementor-invisible elementor-widget elementor-widget-heading\" data-id=\"a5d5d55\" data-element_type=\"widget\" data-settings=\"{&quot;_animation&quot;:&quot;fadeInUp&quot;}\" data-widget_type=\"heading.default\">\n\t\t\t\t<div class=\"elementor-widget-container\">\n\t\t\t\t\t<h2 class=\"elementor-heading-title elementor-size-default\">Bastien Baumet<\/h2>\t\t\t\t<\/div>\n\t\t\t\t<\/div>\n\t\t\t\t<div class=\"elementor-element elementor-element-b5d16ea animated-slow elementor-invisible elementor-widget elementor-widget-heading\" data-id=\"b5d16ea\" data-element_type=\"widget\" data-settings=\"{&quot;_animation&quot;:&quot;fadeInUp&quot;}\" data-widget_type=\"heading.default\">\n\t\t\t\t<div class=\"elementor-widget-container\">\n\t\t\t\t\t<p class=\"elementor-heading-title elementor-size-default\">Nace en 1988, Bastien empieza sus estudios musicales a la edad de seis a\u00f1os en el Sur de Francia y obtiene todos sus diplomas en el Conservatorio de Nimes en 2003 a la edad de 14 a\u00f1os y en el Conservatorio de Villeurbanne en 2005 a los 16 a\u00f1os.<\/p>\t\t\t\t<\/div>\n\t\t\t\t<\/div>\n\t\t\t\t<div class=\"elementor-element elementor-element-f7ff274 animated-slow elementor-invisible elementor-widget elementor-widget-heading\" data-id=\"f7ff274\" data-element_type=\"widget\" data-settings=\"{&quot;_animation&quot;:&quot;fadeInUp&quot;}\" data-widget_type=\"heading.default\">\n\t\t\t\t<div class=\"elementor-widget-container\">\n\t\t\t\t\t<p class=\"elementor-heading-title elementor-size-default\">En 2006, a los 17 a\u00f1os, es recibido en el Conservatorio Nacional Superior de M\u00fasica y Danza de Par\u00eds.<\/p>\t\t\t\t<\/div>\n\t\t\t\t<\/div>\n\t\t\t\t<div class=\"elementor-element elementor-element-32bb863 animated-slow elementor-invisible elementor-widget elementor-widget-heading\" data-id=\"32bb863\" data-element_type=\"widget\" data-settings=\"{&quot;_animation&quot;:&quot;fadeInUp&quot;}\" data-widget_type=\"heading.default\">\n\t\t\t\t<div class=\"elementor-widget-container\">\n\t\t\t\t\t<p class=\"elementor-heading-title elementor-size-default\">En 2006, es laureado del Concurso europeo para J\u00f3venes Solistas en Luxemburgo.<\/p>\t\t\t\t<\/div>\n\t\t\t\t<\/div>\n\t\t\t\t<div class=\"elementor-element elementor-element-60fa870 animated-slow elementor-invisible elementor-widget elementor-widget-heading\" data-id=\"60fa870\" data-element_type=\"widget\" data-settings=\"{&quot;_animation&quot;:&quot;fadeInUp&quot;}\" data-widget_type=\"heading.default\">\n\t\t\t\t<div class=\"elementor-widget-container\">\n\t\t\t\t\t<p class=\"elementor-heading-title elementor-size-default\">Miembro fundador de la Paris Brass Band, Bastien era Euphonium solo hasta 2022 (Campe\u00f3n de Francia 2012, 2013, 2014, 2015, 2016, 2018 y vice campe\u00f3n de europa en 2019)<\/p>\t\t\t\t<\/div>\n\t\t\t\t<\/div>\n\t\t\t\t<div class=\"elementor-element elementor-element-7eee891 animated-slow elementor-invisible elementor-widget elementor-widget-heading\" data-id=\"7eee891\" data-element_type=\"widget\" data-settings=\"{&quot;_animation&quot;:&quot;fadeInUp&quot;}\" data-widget_type=\"heading.default\">\n\t\t\t\t<div class=\"elementor-widget-container\">\n\t\t\t\t\t<p class=\"elementor-heading-title elementor-size-default\">Por otro lado, desde 2006, regularmente es invitado por diferentes orquestas como la Orquesta Nacional de Lyon, la Orquesta Filarm\u00f3nica de RadioFrancia, la Orquesta de la \u00d3pera Nacional de Par\u00eds, la Orquesta Nacional del Capitolio de Tolosa, la Orquesta Nacional de Francia...\n<\/p>\t\t\t\t<\/div>\n\t\t\t\t<\/div>\n\t\t\t\t<div class=\"elementor-element elementor-element-54a09d1 animated-slow elementor-invisible elementor-widget elementor-widget-heading\" data-id=\"54a09d1\" data-element_type=\"widget\" data-settings=\"{&quot;_animation&quot;:&quot;fadeInUp&quot;}\" data-widget_type=\"heading.default\">\n\t\t\t\t<div class=\"elementor-widget-container\">\n\t\t\t\t\t<p class=\"elementor-heading-title elementor-size-default\">En 2007, es admitido por concurso, eufonio solo en la Banda de la Polic\u00eda de Par\u00eds, despu\u00e9s de ser recibido en la Banda de la Marina de Brest y en Banda de la Fuerza A\u00e9rea de Paris.<\/p>\t\t\t\t<\/div>\n\t\t\t\t<\/div>\n\t\t\t\t<div class=\"elementor-element elementor-element-cbeece6 animated-slow elementor-invisible elementor-widget elementor-widget-heading\" data-id=\"cbeece6\" data-element_type=\"widget\" data-settings=\"{&quot;_animation&quot;:&quot;fadeInUp&quot;}\" data-widget_type=\"heading.default\">\n\t\t\t\t<div class=\"elementor-widget-container\">\n\t\t\t\t\t<p class=\"elementor-heading-title elementor-size-default\">En 2008, consigue el 1r premio del concurso internacional de JEJU en Corea del Sur, uno de los concursos m\u00e1s prestigiosos para eufonio.<\/p>\t\t\t\t<\/div>\n\t\t\t\t<\/div>\n\t\t\t\t<div class=\"elementor-element elementor-element-dd6d825 animated-slow elementor-invisible elementor-widget elementor-widget-heading\" data-id=\"dd6d825\" data-element_type=\"widget\" data-settings=\"{&quot;_animation&quot;:&quot;fadeInUp&quot;}\" data-widget_type=\"heading.default\">\n\t\t\t\t<div class=\"elementor-widget-container\">\n\t\t\t\t\t<p class=\"elementor-heading-title elementor-size-default\">En junio de 2012, gana el premio de solista en Open d' Amboise de Brass-band.<\/p>\t\t\t\t<\/div>\n\t\t\t\t<\/div>\n\t\t\t\t<div class=\"elementor-element elementor-element-44b1e45 animated-slow elementor-invisible elementor-widget elementor-widget-heading\" data-id=\"44b1e45\" data-element_type=\"widget\" data-settings=\"{&quot;_animation&quot;:&quot;fadeInUp&quot;}\" data-widget_type=\"heading.default\">\n\t\t\t\t<div class=\"elementor-widget-container\">\n\t\t\t\t\t<p class=\"elementor-heading-title elementor-size-default\">Bastien consigui\u00f3 un 1er premio en el CNSM de Par\u00eds menci\u00f3n muy bien por unanimidad del Jurado en junio de 2009.<\/p>\t\t\t\t<\/div>\n\t\t\t\t<\/div>\n\t\t\t\t<div class=\"elementor-element elementor-element-986ecad animated-slow elementor-invisible elementor-widget elementor-widget-heading\" data-id=\"986ecad\" data-element_type=\"widget\" data-settings=\"{&quot;_animation&quot;:&quot;fadeInUp&quot;}\" data-widget_type=\"heading.default\">\n\t\t\t\t<div class=\"elementor-widget-container\">\n\t\t\t\t\t<p class=\"elementor-heading-title elementor-size-default\">Bastien fue nombrado profesor del Conservatoire National Superieur de Musique et Danse (CNSM) de Lyon en 2017. Est\u00e1 ense\u00f1ando en el Conservatorio del 13 distrito de Paris desde 2011.\n<\/p>\t\t\t\t<\/div>\n\t\t\t\t<\/div>\n\t\t\t\t<div class=\"elementor-element elementor-element-c560543 animated-slow elementor-invisible elementor-widget elementor-widget-heading\" data-id=\"c560543\" data-element_type=\"widget\" data-settings=\"{&quot;_animation&quot;:&quot;fadeInUp&quot;}\" data-widget_type=\"heading.default\">\n\t\t\t\t<div class=\"elementor-widget-container\">\n\t\t\t\t\t<p class=\"elementor-heading-title elementor-size-default\">Desde el 2008, Bastien se presenta como solista en Francia y en el mundo, donde realiza mastersclass, conciertos con piano, bandas, brass band y orquestas.<\/p>\t\t\t\t<\/div>\n\t\t\t\t<\/div>\n\t\t\t\t<div class=\"elementor-element elementor-element-7f1f226 animated-slow elementor-invisible elementor-widget elementor-widget-heading\" data-id=\"7f1f226\" data-element_type=\"widget\" data-settings=\"{&quot;_animation&quot;:&quot;fadeInUp&quot;}\" data-widget_type=\"heading.default\">\n\t\t\t\t<div class=\"elementor-widget-container\">\n\t\t\t\t\t<p class=\"elementor-heading-title elementor-size-default\">En enero de 2012 saca su primer CD \" Art of the Euphonium \" con la casa de disco Indesens. Produce su segundo \u201cPortrait\" en solista con la Paris brass band en 2014.\nSu tercero se llama \"Romance\" con piano grabando con Mathilde Nguyen en 2016.\nEn 2019 sale el cd \u201cRadiance\u201d con la Banda de la Fuerza A\u00e9rea de Lisboa\nEn 2020 graba su nuevo disco \u201cAscension\u201d con Alexis Demailly y el brass band Friburgo.<\/p>\t\t\t\t<\/div>\n\t\t\t\t<\/div>\n\t\t\t\t<div class=\"elementor-element elementor-element-08cf05a animated-slow elementor-invisible elementor-widget elementor-widget-heading\" data-id=\"08cf05a\" data-element_type=\"widget\" data-settings=\"{&quot;_animation&quot;:&quot;fadeInUp&quot;}\" data-widget_type=\"heading.default\">\n\t\t\t\t<div class=\"elementor-widget-container\">\n\t\t\t\t\t<p class=\"elementor-heading-title elementor-size-default\"><a href=\"http:\/\/bastieb.cluster100.hosting.ovh.net\/wp-content\/uploads\/2025\/05\/Bio-2024-ES.pdf\">Bastien es artista Besson (esta tocando eu eufonio Sovereign), artista Courtois (esta tocando un saxhorn Legend 366) y artista Denis Wick (boquilla y sordina).<\/a><\/p>\t\t\t\t<\/div>\n\t\t\t\t<\/div>\n\t\t\t\t<div class=\"elementor-element elementor-element-60795ba elementor-widget elementor-widget-eael-creative-button\" data-id=\"60795ba\" data-element_type=\"widget\" data-widget_type=\"eael-creative-button.default\">\n\t\t\t\t<div class=\"elementor-widget-container\">\n\t\t\t\t\t        <div class=\"eael-creative-button-wrapper\">\n\n            <a class=\"eael-creative-button eael-creative-button--wayra\" href=\"http:\/\/bastieb.cluster100.hosting.ovh.net\/wp-content\/uploads\/2025\/05\/Bio-2024-ES.pdf\" target=\"_blank\" data-text=\"Go!\">\n\n\t    \n                <div class=\"creative-button-inner\">\n\n                                            <span class=\"eael-creative-button-icon-left\"><svg aria-hidden=\"true\" class=\"e-font-icon-svg e-fas-file-download\" viewBox=\"0 0 384 512\" xmlns=\"http:\/\/www.w3.org\/2000\/svg\"><path d=\"M224 136V0H24C10.7 0 0 10.7 0 24v464c0 13.3 10.7 24 24 24h336c13.3 0 24-10.7 24-24V160H248c-13.2 0-24-10.8-24-24zm76.45 211.36l-96.42 95.7c-6.65 6.61-17.39 6.61-24.04 0l-96.42-95.7C73.42 337.29 80.54 320 94.82 320H160v-80c0-8.84 7.16-16 16-16h32c8.84 0 16 7.16 16 16v80h65.18c14.28 0 21.4 17.29 11.27 27.36zM377 105L279.1 7c-4.5-4.5-10.6-7-17-7H256v128h128v-6.1c0-6.3-2.5-12.4-7-16.9z\"><\/path><\/svg><\/span>                    \n                    <span class=\"cretive-button-text\">Download<\/span>\n\n                                    <\/div>\n\t                        <\/a>\n        <\/div>\n        \t\t\t\t<\/div>\n\t\t\t\t<\/div>\n\t\t\t\t<div class=\"elementor-element elementor-element-9049f11 elementor-widget elementor-widget-image\" data-id=\"9049f11\" data-element_type=\"widget\" data-widget_type=\"image.default\">\n\t\t\t\t<div class=\"elementor-widget-container\">\n\t\t\t\t\t\t\t\t\t\t\t\t\t\t\t<img fetchpriority=\"high\" decoding=\"async\" width=\"800\" height=\"534\" src=\"https:\/\/bastienbaumet.fr\/wp-content\/uploads\/2025\/04\/Bastien_\u00a9DenisGliksman_277c-1024x684.jpg\" class=\"attachment-large size-large wp-image-316\" alt=\"\" srcset=\"https:\/\/bastienbaumet.fr\/wp-content\/uploads\/2025\/04\/Bastien_\u00a9DenisGliksman_277c-1024x684.jpg 1024w, https:\/\/bastienbaumet.fr\/wp-content\/uploads\/2025\/04\/Bastien_\u00a9DenisGliksman_277c-300x200.jpg 300w, https:\/\/bastienbaumet.fr\/wp-content\/uploads\/2025\/04\/Bastien_\u00a9DenisGliksman_277c-768x513.jpg 768w, https:\/\/bastienbaumet.fr\/wp-content\/uploads\/2025\/04\/Bastien_\u00a9DenisGliksman_277c-1536x1026.jpg 1536w, https:\/\/bastienbaumet.fr\/wp-content\/uploads\/2025\/04\/Bastien_\u00a9DenisGliksman_277c-2048x1367.jpg 2048w\" sizes=\"(max-width: 800px) 100vw, 800px\" \/>\t\t\t\t\t\t\t\t\t\t\t\t\t\t\t<\/div>\n\t\t\t\t<\/div>\n\t\t\t\t\t<\/div>\n\t\t<\/div>\n\t\t\t\t\t<\/div>\n\t\t<\/section>\n\t\t\t\t<div class=\"elementor-element elementor-element-e98c48f elementor-absolute elementor-widget elementor-widget-image\" data-id=\"e98c48f\" data-element_type=\"widget\" data-settings=\"{&quot;_position&quot;:&quot;absolute&quot;}\" data-widget_type=\"image.default\">\n\t\t\t\t<div class=\"elementor-widget-container\">\n\t\t\t\t\t\t\t\t\t\t\t\t\t\t\t<img decoding=\"async\" width=\"1185\" height=\"288\" src=\"https:\/\/bastienbaumet.fr\/wp-content\/uploads\/2025\/04\/3a5e61dc-group.png\" class=\"attachment-full size-full wp-image-21\" alt=\"\" srcset=\"https:\/\/bastienbaumet.fr\/wp-content\/uploads\/2025\/04\/3a5e61dc-group.png 1185w, https:\/\/bastienbaumet.fr\/wp-content\/uploads\/2025\/04\/3a5e61dc-group-300x73.png 300w, https:\/\/bastienbaumet.fr\/wp-content\/uploads\/2025\/04\/3a5e61dc-group-1024x249.png 1024w, https:\/\/bastienbaumet.fr\/wp-content\/uploads\/2025\/04\/3a5e61dc-group-768x187.png 768w, https:\/\/bastienbaumet.fr\/wp-content\/uploads\/2025\/04\/3a5e61dc-group-600x146.png 600w\" sizes=\"(max-width: 1185px) 100vw, 1185px\" \/>\t\t\t\t\t\t\t\t\t\t\t\t\t\t\t<\/div>\n\t\t\t\t<\/div>\n\t\t\t\t\t<\/div>\n\t\t<\/div>\n\t\t\t\t\t<\/div>\n\t\t<\/section>\n\t\t\t\t<section class=\"elementor-section elementor-top-section elementor-element elementor-element-9834222 elementor-section-boxed elementor-section-height-default elementor-section-height-default wpr-particle-no wpr-jarallax-no wpr-parallax-no wpr-sticky-section-no\" data-id=\"9834222\" data-element_type=\"section\" data-settings=\"{&quot;background_background&quot;:&quot;classic&quot;}\">\n\t\t\t\t\t\t<div class=\"elementor-container elementor-column-gap-default\">\n\t\t\t\t\t<div class=\"elementor-column elementor-col-100 elementor-top-column elementor-element elementor-element-8f44da0\" data-id=\"8f44da0\" data-element_type=\"column\">\n\t\t\t<div class=\"elementor-widget-wrap elementor-element-populated\">\n\t\t\t\t\t\t<section class=\"elementor-section elementor-inner-section elementor-element elementor-element-85e2965 elementor-section-content-middle elementor-section-boxed elementor-section-height-default elementor-section-height-default wpr-particle-no wpr-jarallax-no wpr-parallax-no wpr-sticky-section-no\" data-id=\"85e2965\" data-element_type=\"section\">\n\t\t\t\t\t\t<div class=\"elementor-container elementor-column-gap-default\">\n\t\t\t\t\t<div class=\"elementor-column elementor-col-50 elementor-inner-column elementor-element elementor-element-ef16b43\" data-id=\"ef16b43\" data-element_type=\"column\">\n\t\t\t<div class=\"elementor-widget-wrap elementor-element-populated\">\n\t\t\t\t\t\t<div class=\"elementor-element elementor-element-3c721f7 animated-slow elementor-invisible elementor-widget elementor-widget-heading\" data-id=\"3c721f7\" data-element_type=\"widget\" data-settings=\"{&quot;_animation&quot;:&quot;fadeInLeft&quot;}\" data-widget_type=\"heading.default\">\n\t\t\t\t<div class=\"elementor-widget-container\">\n\t\t\t\t\t<span class=\"elementor-heading-title elementor-size-default\">\u00daltimo \u00e1lbum<\/span>\t\t\t\t<\/div>\n\t\t\t\t<\/div>\n\t\t\t\t<div class=\"elementor-element elementor-element-6e2e1aa animated-slow elementor-invisible elementor-widget elementor-widget-heading\" data-id=\"6e2e1aa\" data-element_type=\"widget\" data-settings=\"{&quot;_animation&quot;:&quot;fadeInLeft&quot;}\" data-widget_type=\"heading.default\">\n\t\t\t\t<div class=\"elementor-widget-container\">\n\t\t\t\t\t<h2 class=\"elementor-heading-title elementor-size-default\">Ascencion<\/h2>\t\t\t\t<\/div>\n\t\t\t\t<\/div>\n\t\t\t\t<div class=\"elementor-element elementor-element-43d36bb animated-slow elementor-invisible elementor-widget elementor-widget-heading\" data-id=\"43d36bb\" data-element_type=\"widget\" data-settings=\"{&quot;_animation&quot;:&quot;fadeInLeft&quot;}\" data-widget_type=\"heading.default\">\n\t\t\t\t<div class=\"elementor-widget-container\">\n\t\t\t\t\t<p class=\"elementor-heading-title elementor-size-default\">2020 Bastien Baumet graba un nuevo CD \u00abAscension\u00bb con Alexis Demailly y la Brass band Fribourg.<\/p>\t\t\t\t<\/div>\n\t\t\t\t<\/div>\n\t\t\t\t\t<\/div>\n\t\t<\/div>\n\t\t\t\t<div class=\"elementor-column elementor-col-50 elementor-inner-column elementor-element elementor-element-749430c\" data-id=\"749430c\" data-element_type=\"column\">\n\t\t\t<div class=\"elementor-widget-wrap elementor-element-populated\">\n\t\t\t\t\t\t<div class=\"elementor-element elementor-element-5c7677d animated-slow elementor-invisible elementor-widget elementor-widget-image\" data-id=\"5c7677d\" data-element_type=\"widget\" data-settings=\"{&quot;_animation&quot;:&quot;fadeInRight&quot;}\" data-widget_type=\"image.default\">\n\t\t\t\t<div class=\"elementor-widget-container\">\n\t\t\t\t\t\t\t\t\t\t\t\t\t\t\t\t<a href=\"http:\/\/bastieb.cluster100.hosting.ovh.net\/index.php\/js_albums\/ascencion\/\">\n\t\t\t\t\t\t\t<img decoding=\"async\" width=\"2048\" height=\"2048\" src=\"https:\/\/bastienbaumet.fr\/wp-content\/uploads\/2025\/04\/Ascension.png\" class=\"attachment-full size-full wp-image-196\" alt=\"\" srcset=\"https:\/\/bastienbaumet.fr\/wp-content\/uploads\/2025\/04\/Ascension.png 2048w, https:\/\/bastienbaumet.fr\/wp-content\/uploads\/2025\/04\/Ascension-300x300.png 300w, https:\/\/bastienbaumet.fr\/wp-content\/uploads\/2025\/04\/Ascension-1024x1024.png 1024w, https:\/\/bastienbaumet.fr\/wp-content\/uploads\/2025\/04\/Ascension-150x150.png 150w, https:\/\/bastienbaumet.fr\/wp-content\/uploads\/2025\/04\/Ascension-768x768.png 768w, https:\/\/bastienbaumet.fr\/wp-content\/uploads\/2025\/04\/Ascension-1536x1536.png 1536w, https:\/\/bastienbaumet.fr\/wp-content\/uploads\/2025\/04\/Ascension-100x100.png 100w, https:\/\/bastienbaumet.fr\/wp-content\/uploads\/2025\/04\/Ascension-200x200.png 200w, https:\/\/bastienbaumet.fr\/wp-content\/uploads\/2025\/04\/Ascension-400x400.png 400w, https:\/\/bastienbaumet.fr\/wp-content\/uploads\/2025\/04\/Ascension-500x500.png 500w\" sizes=\"(max-width: 2048px) 100vw, 2048px\" \/>\t\t\t\t\t\t\t\t<\/a>\n\t\t\t\t\t\t\t\t\t\t\t\t\t\t\t<\/div>\n\t\t\t\t<\/div>\n\t\t\t\t\t<\/div>\n\t\t<\/div>\n\t\t\t\t\t<\/div>\n\t\t<\/section>\n\t\t\t\t\t<\/div>\n\t\t<\/div>\n\t\t\t\t\t<\/div>\n\t\t<\/section>\n\t\t\t\t<\/div>\n\t\t","protected":false},"excerpt":{"rendered":"<p>Inicio Biograf\u00eda biograf\u00eda Solista internacional Bastien Baumet Nace en 1988, Bastien empieza sus estudios musicales a la edad de seis a\u00f1os en el Sur de Francia y obtiene todos sus diplomas en el Conservatorio de Nimes en 2003 a la edad de 14 a\u00f1os y en el Conservatorio de Villeurbanne en 2005 a los 16 a\u00f1os. En 2006, a los 17 a\u00f1os, es recibido en el Conservatorio Nacional Superior de M\u00fasica y Danza de Par\u00eds. En 2006, es laureado del Concurso europeo para J\u00f3venes Solistas en Luxemburgo. Miembro fundador de la Paris Brass Band, Bastien era Euphonium solo hasta 2022 (Campe\u00f3n de Francia 2012, 2013, 2014, 2015, 2016, 2018 y vice campe\u00f3n de europa en 2019) Por otro lado, desde 2006, regularmente es invitado por diferentes orquestas como la Orquesta Nacional de Lyon, la Orquesta Filarm\u00f3nica de RadioFrancia, la Orquesta de la \u00d3pera Nacional de Par\u00eds, la Orquesta Nacional del Capitolio de Tolosa, la Orquesta Nacional de Francia&#8230; En 2007, es admitido por concurso, eufonio solo en la Banda de la Polic\u00eda de Par\u00eds, despu\u00e9s de ser recibido en la Banda de la Marina de Brest y en Banda de la Fuerza A\u00e9rea de Paris. En 2008, consigue el 1r premio del concurso internacional de JEJU en Corea del Sur, uno de los concursos m\u00e1s prestigiosos para eufonio. En junio de 2012, gana el premio de solista en Open d&rsquo; Amboise de Brass-band. Bastien consigui\u00f3 un 1er premio en el CNSM de Par\u00eds menci\u00f3n muy bien por unanimidad del Jurado en junio de 2009. Bastien fue nombrado profesor del Conservatoire National Superieur de Musique et Danse (CNSM) de Lyon en 2017. Est\u00e1 ense\u00f1ando en el Conservatorio del 13 distrito de Paris desde 2011. Desde el 2008, Bastien se presenta como solista en Francia y en el mundo, donde realiza mastersclass, conciertos con piano, bandas, brass band y orquestas. En enero de 2012 saca su primer CD \u00a0\u00bb Art of the Euphonium \u00a0\u00bb con la casa de disco Indesens. Produce su segundo \u201cPortrait\u00a0\u00bb en solista con la Paris brass band en 2014. Su tercero se llama \u00ab\u00a0Romance\u00a0\u00bb con piano grabando con Mathilde Nguyen en 2016. En 2019 sale el cd \u201cRadiance\u201d con la Banda de la Fuerza A\u00e9rea de Lisboa En 2020 graba su nuevo disco \u201cAscension\u201d con Alexis Demailly y el brass band Friburgo. Bastien es artista Besson (esta tocando eu eufonio Sovereign), artista Courtois (esta tocando un saxhorn Legend 366) y artista Denis Wick (boquilla y sordina). Download \u00daltimo \u00e1lbum Ascencion 2020 Bastien Baumet graba un nuevo CD \u00abAscension\u00bb con Alexis Demailly y la Brass band Fribourg.<\/p>\n","protected":false},"author":1,"featured_media":0,"parent":0,"menu_order":0,"comment_status":"closed","ping_status":"closed","template":"elementor_header_footer","meta":{"footnotes":""},"class_list":["post-926","page","type-page","status-publish","hentry"],"_links":{"self":[{"href":"https:\/\/bastienbaumet.fr\/index.php\/wp-json\/wp\/v2\/pages\/926","targetHints":{"allow":["GET"]}}],"collection":[{"href":"https:\/\/bastienbaumet.fr\/index.php\/wp-json\/wp\/v2\/pages"}],"about":[{"href":"https:\/\/bastienbaumet.fr\/index.php\/wp-json\/wp\/v2\/types\/page"}],"author":[{"embeddable":true,"href":"https:\/\/bastienbaumet.fr\/index.php\/wp-json\/wp\/v2\/users\/1"}],"replies":[{"embeddable":true,"href":"https:\/\/bastienbaumet.fr\/index.php\/wp-json\/wp\/v2\/comments?post=926"}],"version-history":[{"count":15,"href":"https:\/\/bastienbaumet.fr\/index.php\/wp-json\/wp\/v2\/pages\/926\/revisions"}],"predecessor-version":[{"id":1017,"href":"https:\/\/bastienbaumet.fr\/index.php\/wp-json\/wp\/v2\/pages\/926\/revisions\/1017"}],"wp:attachment":[{"href":"https:\/\/bastienbaumet.fr\/index.php\/wp-json\/wp\/v2\/media?parent=926"}],"curies":[{"name":"wp","href":"https:\/\/api.w.org\/{rel}","templated":true}]}}