{"id":733,"date":"2025-04-29T09:17:08","date_gmt":"2025-04-29T07:17:08","guid":{"rendered":"http:\/\/bastieb.cluster100.hosting.ovh.net\/?page_id=733"},"modified":"2025-04-29T20:38:45","modified_gmt":"2025-04-29T18:38:45","slug":"biographie","status":"publish","type":"page","link":"https:\/\/bastienbaumet.fr\/index.php\/fr\/biographie\/","title":{"rendered":"Biographie"},"content":{"rendered":"\t\t<div data-elementor-type=\"wp-page\" data-elementor-id=\"733\" class=\"elementor elementor-733\">\n\t\t\t\t\t\t<section class=\"elementor-section elementor-top-section elementor-element elementor-element-7d58e983 elementor-section-height-min-height elementor-section-boxed elementor-section-height-default elementor-section-items-middle wpr-particle-no wpr-jarallax-no wpr-parallax-no wpr-sticky-section-no\" data-id=\"7d58e983\" data-element_type=\"section\" data-settings=\"{&quot;background_background&quot;:&quot;classic&quot;}\">\n\t\t\t\t\t\t\t<div class=\"elementor-background-overlay\"><\/div>\n\t\t\t\t\t\t\t<div class=\"elementor-container elementor-column-gap-default\">\n\t\t\t\t\t<div class=\"elementor-column elementor-col-100 elementor-top-column elementor-element elementor-element-1cf2788f\" data-id=\"1cf2788f\" data-element_type=\"column\">\n\t\t\t<div class=\"elementor-widget-wrap elementor-element-populated\">\n\t\t\t\t\t\t<div class=\"elementor-element elementor-element-4831dc25 elementor-icon-list--layout-inline elementor-align-center animated-slow elementor-list-item-link-full_width elementor-invisible elementor-widget elementor-widget-icon-list\" data-id=\"4831dc25\" data-element_type=\"widget\" data-settings=\"{&quot;_animation&quot;:&quot;fadeInUp&quot;}\" data-widget_type=\"icon-list.default\">\n\t\t\t\t<div class=\"elementor-widget-container\">\n\t\t\t\t\t\t\t<ul class=\"elementor-icon-list-items elementor-inline-items\">\n\t\t\t\t\t\t\t<li class=\"elementor-icon-list-item elementor-inline-item\">\n\t\t\t\t\t\t\t\t\t\t\t<a href=\"http:\/\/bastieb.cluster100.hosting.ovh.net\/index.php\/fr\/accueil\/\">\n\n\t\t\t\t\t\t\t\t\t\t\t<span class=\"elementor-icon-list-text\">Home<\/span>\n\t\t\t\t\t\t\t\t\t\t\t<\/a>\n\t\t\t\t\t\t\t\t\t<\/li>\n\t\t\t\t\t\t\t\t<li class=\"elementor-icon-list-item elementor-inline-item\">\n\t\t\t\t\t\t\t\t\t\t\t<a href=\"#\">\n\n\t\t\t\t\t\t\t\t\t\t\t\t<span class=\"elementor-icon-list-icon\">\n\t\t\t\t\t\t\t<svg aria-hidden=\"true\" class=\"e-font-icon-svg e-fas-angle-right\" viewBox=\"0 0 256 512\" xmlns=\"http:\/\/www.w3.org\/2000\/svg\"><path d=\"M224.3 273l-136 136c-9.4 9.4-24.6 9.4-33.9 0l-22.6-22.6c-9.4-9.4-9.4-24.6 0-33.9l96.4-96.4-96.4-96.4c-9.4-9.4-9.4-24.6 0-33.9L54.3 103c9.4-9.4 24.6-9.4 33.9 0l136 136c9.5 9.4 9.5 24.6.1 34z\"><\/path><\/svg>\t\t\t\t\t\t<\/span>\n\t\t\t\t\t\t\t\t\t\t<span class=\"elementor-icon-list-text\">Biographie<\/span>\n\t\t\t\t\t\t\t\t\t\t\t<\/a>\n\t\t\t\t\t\t\t\t\t<\/li>\n\t\t\t\t\t\t<\/ul>\n\t\t\t\t\t\t<\/div>\n\t\t\t\t<\/div>\n\t\t\t\t<div class=\"elementor-element elementor-element-259acd42 animated-slow elementor-invisible elementor-widget elementor-widget-heading\" data-id=\"259acd42\" data-element_type=\"widget\" data-settings=\"{&quot;_animation&quot;:&quot;fadeInUp&quot;,&quot;_animation_delay&quot;:300}\" data-widget_type=\"heading.default\">\n\t\t\t\t<div class=\"elementor-widget-container\">\n\t\t\t\t\t<h2 class=\"elementor-heading-title elementor-size-default\">Biographie<\/h2>\t\t\t\t<\/div>\n\t\t\t\t<\/div>\n\t\t\t\t\t<\/div>\n\t\t<\/div>\n\t\t\t\t\t<\/div>\n\t\t<\/section>\n\t\t\t\t<section class=\"elementor-section elementor-top-section elementor-element elementor-element-1198e336 elementor-section-boxed elementor-section-height-default elementor-section-height-default wpr-particle-no wpr-jarallax-no wpr-parallax-no wpr-sticky-section-no\" data-id=\"1198e336\" data-element_type=\"section\" data-settings=\"{&quot;background_background&quot;:&quot;classic&quot;}\">\n\t\t\t\t\t\t\t<div class=\"elementor-background-overlay\"><\/div>\n\t\t\t\t\t\t\t<div class=\"elementor-container elementor-column-gap-default\">\n\t\t\t\t\t<div class=\"elementor-column elementor-col-100 elementor-top-column elementor-element elementor-element-3abeb7bb\" data-id=\"3abeb7bb\" data-element_type=\"column\">\n\t\t\t<div class=\"elementor-widget-wrap elementor-element-populated\">\n\t\t\t\t\t\t<section class=\"elementor-section elementor-inner-section elementor-element elementor-element-2023ce43 elementor-section-boxed elementor-section-height-default elementor-section-height-default wpr-particle-no wpr-jarallax-no wpr-parallax-no wpr-sticky-section-no\" data-id=\"2023ce43\" data-element_type=\"section\">\n\t\t\t\t\t\t<div class=\"elementor-container elementor-column-gap-default\">\n\t\t\t\t\t<div class=\"elementor-column elementor-col-100 elementor-inner-column elementor-element elementor-element-5502682c\" data-id=\"5502682c\" data-element_type=\"column\">\n\t\t\t<div class=\"elementor-widget-wrap elementor-element-populated\">\n\t\t\t\t\t\t<div class=\"elementor-element elementor-element-4800adce animated-slow elementor-invisible elementor-widget elementor-widget-heading\" data-id=\"4800adce\" data-element_type=\"widget\" data-settings=\"{&quot;_animation&quot;:&quot;fadeInUp&quot;}\" data-widget_type=\"heading.default\">\n\t\t\t\t<div class=\"elementor-widget-container\">\n\t\t\t\t\t<span class=\"elementor-heading-title elementor-size-default\">Soliste International<\/span>\t\t\t\t<\/div>\n\t\t\t\t<\/div>\n\t\t\t\t<div class=\"elementor-element elementor-element-c470496 animated-slow elementor-invisible elementor-widget elementor-widget-heading\" data-id=\"c470496\" data-element_type=\"widget\" data-settings=\"{&quot;_animation&quot;:&quot;fadeInUp&quot;}\" data-widget_type=\"heading.default\">\n\t\t\t\t<div class=\"elementor-widget-container\">\n\t\t\t\t\t<h2 class=\"elementor-heading-title elementor-size-default\">Bastien Baumet<\/h2>\t\t\t\t<\/div>\n\t\t\t\t<\/div>\n\t\t\t\t<div class=\"elementor-element elementor-element-599ea4d8 animated-slow elementor-invisible elementor-widget elementor-widget-heading\" data-id=\"599ea4d8\" data-element_type=\"widget\" data-settings=\"{&quot;_animation&quot;:&quot;fadeInUp&quot;}\" data-widget_type=\"heading.default\">\n\t\t\t\t<div class=\"elementor-widget-container\">\n\t\t\t\t\t<p class=\"elementor-heading-title elementor-size-default\">N\u00e9 en 1988, Bastien d\u00e9bute son apprentissage musical \u00e0 l\u2019\u00e2ge de six ans dans le sud de la France et obtient tous ses dipl\u00f4mes au conservatoire de N\u00eemes en 2003 \u00e0 l\u2019\u00e2ge de 14 ans et au conservatoire de Villeurbanne 2005 \u00e0 16 ans.<\/p>\t\t\t\t<\/div>\n\t\t\t\t<\/div>\n\t\t\t\t<div class=\"elementor-element elementor-element-f200e80 animated-slow elementor-invisible elementor-widget elementor-widget-heading\" data-id=\"f200e80\" data-element_type=\"widget\" data-settings=\"{&quot;_animation&quot;:&quot;fadeInUp&quot;}\" data-widget_type=\"heading.default\">\n\t\t\t\t<div class=\"elementor-widget-container\">\n\t\t\t\t\t<p class=\"elementor-heading-title elementor-size-default\">En 2006, \u00e0 17 ans, il est re\u00e7u premier nomm\u00e9 au Conservatoire National Sup\u00e9rieur de Musique et de Danse de Paris.<\/p>\t\t\t\t<\/div>\n\t\t\t\t<\/div>\n\t\t\t\t<div class=\"elementor-element elementor-element-4f0fedbc animated-slow elementor-invisible elementor-widget elementor-widget-heading\" data-id=\"4f0fedbc\" data-element_type=\"widget\" data-settings=\"{&quot;_animation&quot;:&quot;fadeInUp&quot;}\" data-widget_type=\"heading.default\">\n\t\t\t\t<div class=\"elementor-widget-container\">\n\t\t\t\t\t<p class=\"elementor-heading-title elementor-size-default\">Il est laur\u00e9at, cette ann\u00e9e l\u00e0, du Concours Europ\u00e9en pour Jeunes Solistes au Luxembourg.<\/p>\t\t\t\t<\/div>\n\t\t\t\t<\/div>\n\t\t\t\t<div class=\"elementor-element elementor-element-6d90218c animated-slow elementor-invisible elementor-widget elementor-widget-heading\" data-id=\"6d90218c\" data-element_type=\"widget\" data-settings=\"{&quot;_animation&quot;:&quot;fadeInUp&quot;}\" data-widget_type=\"heading.default\">\n\t\t\t\t<div class=\"elementor-widget-container\">\n\t\t\t\t\t<p class=\"elementor-heading-title elementor-size-default\">Membre fondateur du Paris Brass Band, Bastien occupait le poste d\u2019Euphonium solo jusqu\u2019en 2022 (Champion de France 2012, 2013, 2014, 2015, 2016, 2018, Vice Champion d\u2019Europe 2019).<\/p>\t\t\t\t<\/div>\n\t\t\t\t<\/div>\n\t\t\t\t<div class=\"elementor-element elementor-element-30f3120f animated-slow elementor-invisible elementor-widget elementor-widget-heading\" data-id=\"30f3120f\" data-element_type=\"widget\" data-settings=\"{&quot;_animation&quot;:&quot;fadeInUp&quot;}\" data-widget_type=\"heading.default\">\n\t\t\t\t<div class=\"elementor-widget-container\">\n\t\t\t\t\t<p class=\"elementor-heading-title elementor-size-default\">Par ailleurs, depuis 2006, il est r\u00e9guli\u00e8rement sollicit\u00e9 par des formations telles l\u2019Orchestre National de Lyon, l\u2019Orchestre Philharmonique de Radio-France, l\u2019Orchestre de l\u2019Op\u00e9ra National de Paris, l\u2019Orchestre National du Capitole de Toulouse, l'Orchestre National de France, ...<\/p>\t\t\t\t<\/div>\n\t\t\t\t<\/div>\n\t\t\t\t<div class=\"elementor-element elementor-element-c59b133 animated-slow elementor-invisible elementor-widget elementor-widget-heading\" data-id=\"c59b133\" data-element_type=\"widget\" data-settings=\"{&quot;_animation&quot;:&quot;fadeInUp&quot;}\" data-widget_type=\"heading.default\">\n\t\t\t\t<div class=\"elementor-widget-container\">\n\t\t\t\t\t<p class=\"elementor-heading-title elementor-size-default\">En 2007, Bastien est nomm\u00e9, sur concours, euphonium solo de l\u2019Orchestre d\u2019Harmonie des Gardiens de la Paix de la Pr\u00e9fecture de Police de Paris, apr\u00e8s avoir \u00e9t\u00e9 re\u00e7u \u00e0 la Musique de la Flotte de Brest et \u00e0 la Musique de l\u2019Air et de l\u2019Espace de Paris.<\/p>\t\t\t\t<\/div>\n\t\t\t\t<\/div>\n\t\t\t\t<div class=\"elementor-element elementor-element-29807d31 animated-slow elementor-invisible elementor-widget elementor-widget-heading\" data-id=\"29807d31\" data-element_type=\"widget\" data-settings=\"{&quot;_animation&quot;:&quot;fadeInUp&quot;}\" data-widget_type=\"heading.default\">\n\t\t\t\t<div class=\"elementor-widget-container\">\n\t\t\t\t\t<p class=\"elementor-heading-title elementor-size-default\">En 2008, il remporte le 1er prix du concours international de JEJU en Cor\u00e9e du Sud, un des concours les plus prestigieux pour euphonium.<\/p>\t\t\t\t<\/div>\n\t\t\t\t<\/div>\n\t\t\t\t<div class=\"elementor-element elementor-element-4401acfc animated-slow elementor-invisible elementor-widget elementor-widget-heading\" data-id=\"4401acfc\" data-element_type=\"widget\" data-settings=\"{&quot;_animation&quot;:&quot;fadeInUp&quot;}\" data-widget_type=\"heading.default\">\n\t\t\t\t<div class=\"elementor-widget-container\">\n\t\t\t\t\t<p class=\"elementor-heading-title elementor-size-default\">En juin 2012, il gagne le prix de soliste \u00e0 l'Open d'Amboise de Brass-band.<\/p>\t\t\t\t<\/div>\n\t\t\t\t<\/div>\n\t\t\t\t<div class=\"elementor-element elementor-element-29877bb7 animated-slow elementor-invisible elementor-widget elementor-widget-heading\" data-id=\"29877bb7\" data-element_type=\"widget\" data-settings=\"{&quot;_animation&quot;:&quot;fadeInUp&quot;}\" data-widget_type=\"heading.default\">\n\t\t\t\t<div class=\"elementor-widget-container\">\n\t\t\t\t\t<p class=\"elementor-heading-title elementor-size-default\">Bastien est nomm\u00e9 professeur du Conservatoire National Sup\u00e9rieur de Musique et Danse de Lyon en 2017. Il enseigne \u00e9galement au Conservatoire du 13\u00e8me arrondissement depuis 2011.<\/p>\t\t\t\t<\/div>\n\t\t\t\t<\/div>\n\t\t\t\t<div class=\"elementor-element elementor-element-494e851a animated-slow elementor-invisible elementor-widget elementor-widget-heading\" data-id=\"494e851a\" data-element_type=\"widget\" data-settings=\"{&quot;_animation&quot;:&quot;fadeInUp&quot;}\" data-widget_type=\"heading.default\">\n\t\t\t\t<div class=\"elementor-widget-container\">\n\t\t\t\t\t<p class=\"elementor-heading-title elementor-size-default\">Depuis 2008, Bastien se produit r\u00e9guli\u00e8rement en soliste en France et \u00e0 l\u2019\u00e9tranger, o\u00f9 il y donne r\u00e9citals, concerts en soliste avec brass band, Orchestre d\u2019Harmonie ou Symphonique en combinant avec des master-class.<\/p>\t\t\t\t<\/div>\n\t\t\t\t<\/div>\n\t\t\t\t<div class=\"elementor-element elementor-element-4e577ac4 animated-slow elementor-invisible elementor-widget elementor-widget-heading\" data-id=\"4e577ac4\" data-element_type=\"widget\" data-settings=\"{&quot;_animation&quot;:&quot;fadeInUp&quot;}\" data-widget_type=\"heading.default\">\n\t\t\t\t<div class=\"elementor-widget-container\">\n\t\t\t\t\t<p class=\"elementor-heading-title elementor-size-default\">En Janvier 2012 il sort son premier CD \u00ab Art of the Euphonium \u00bb chez la maison de disque Indesens.\nEn 2014, il produit son deuxi\u00e8me disque \u00ab Portraits \u00bb en duo avec Alexis Demailly (cornet solo de l\u2019Op\u00e9ra de Paris).<\/p>\t\t\t\t<\/div>\n\t\t\t\t<\/div>\n\t\t\t\t<div class=\"elementor-element elementor-element-18875eb2 animated-slow elementor-invisible elementor-widget elementor-widget-heading\" data-id=\"18875eb2\" data-element_type=\"widget\" data-settings=\"{&quot;_animation&quot;:&quot;fadeInUp&quot;}\" data-widget_type=\"heading.default\">\n\t\t\t\t<div class=\"elementor-widget-container\">\n\t\t\t\t\t<p class=\"elementor-heading-title elementor-size-default\">Son troisi\u00e8me album s\u2019appelle \u00ab Romance \u00bb enregistr\u00e9 avec Mathilde Nguyen au piano en 2016. \u00ab Radiance \u00bb enregistr\u00e9 avec la Musique de l\u2019Air de Lisbonne, est sorti en 2019.\nEn 2020, il enregistre un nouveau CD \u201cAscension\u201d avec Alexis Demailly et le Brass band Fribourg.<\/p>\t\t\t\t<\/div>\n\t\t\t\t<\/div>\n\t\t\t\t<div class=\"elementor-element elementor-element-206e996a animated-slow elementor-invisible elementor-widget elementor-widget-heading\" data-id=\"206e996a\" data-element_type=\"widget\" data-settings=\"{&quot;_animation&quot;:&quot;fadeInUp&quot;}\" data-widget_type=\"heading.default\">\n\t\t\t\t<div class=\"elementor-widget-container\">\n\t\t\t\t\t<p class=\"elementor-heading-title elementor-size-default\">Bastien est artiste Besson (il joue l\u2019euphonium Sovereign), artiste Courtois (il joue le saxhorn Legend 366) et artiste Denis Wick (embouchures et sourdines).<\/p>\t\t\t\t<\/div>\n\t\t\t\t<\/div>\n\t\t\t\t<div class=\"elementor-element elementor-element-444b2305 elementor-widget elementor-widget-eael-creative-button\" data-id=\"444b2305\" data-element_type=\"widget\" data-widget_type=\"eael-creative-button.default\">\n\t\t\t\t<div class=\"elementor-widget-container\">\n\t\t\t\t\t        <div class=\"eael-creative-button-wrapper\">\n\n            <a class=\"eael-creative-button eael-creative-button--wayra\" href=\"http:\/\/bastieb.cluster100.hosting.ovh.net\/wp-content\/uploads\/2025\/04\/Bio-2024-FR.pdf\" target=\"_blank\" data-text=\"Go!\">\n\n\t    \n                <div class=\"creative-button-inner\">\n\n                                            <span class=\"eael-creative-button-icon-left\"><svg aria-hidden=\"true\" class=\"e-font-icon-svg e-fas-file-download\" viewBox=\"0 0 384 512\" xmlns=\"http:\/\/www.w3.org\/2000\/svg\"><path d=\"M224 136V0H24C10.7 0 0 10.7 0 24v464c0 13.3 10.7 24 24 24h336c13.3 0 24-10.7 24-24V160H248c-13.2 0-24-10.8-24-24zm76.45 211.36l-96.42 95.7c-6.65 6.61-17.39 6.61-24.04 0l-96.42-95.7C73.42 337.29 80.54 320 94.82 320H160v-80c0-8.84 7.16-16 16-16h32c8.84 0 16 7.16 16 16v80h65.18c14.28 0 21.4 17.29 11.27 27.36zM377 105L279.1 7c-4.5-4.5-10.6-7-17-7H256v128h128v-6.1c0-6.3-2.5-12.4-7-16.9z\"><\/path><\/svg><\/span>                    \n                    <span class=\"cretive-button-text\">Download<\/span>\n\n                                    <\/div>\n\t                        <\/a>\n        <\/div>\n        \t\t\t\t<\/div>\n\t\t\t\t<\/div>\n\t\t\t\t<div class=\"elementor-element elementor-element-4d651808 elementor-widget elementor-widget-image\" data-id=\"4d651808\" data-element_type=\"widget\" data-widget_type=\"image.default\">\n\t\t\t\t<div class=\"elementor-widget-container\">\n\t\t\t\t\t\t\t\t\t\t\t\t\t\t\t<img fetchpriority=\"high\" decoding=\"async\" width=\"800\" height=\"534\" src=\"https:\/\/bastienbaumet.fr\/wp-content\/uploads\/2025\/04\/Bastien_\u00a9DenisGliksman_277c-1024x684.jpg\" class=\"attachment-large size-large wp-image-316\" alt=\"\" srcset=\"https:\/\/bastienbaumet.fr\/wp-content\/uploads\/2025\/04\/Bastien_\u00a9DenisGliksman_277c-1024x684.jpg 1024w, https:\/\/bastienbaumet.fr\/wp-content\/uploads\/2025\/04\/Bastien_\u00a9DenisGliksman_277c-300x200.jpg 300w, https:\/\/bastienbaumet.fr\/wp-content\/uploads\/2025\/04\/Bastien_\u00a9DenisGliksman_277c-768x513.jpg 768w, https:\/\/bastienbaumet.fr\/wp-content\/uploads\/2025\/04\/Bastien_\u00a9DenisGliksman_277c-1536x1026.jpg 1536w, https:\/\/bastienbaumet.fr\/wp-content\/uploads\/2025\/04\/Bastien_\u00a9DenisGliksman_277c-2048x1367.jpg 2048w\" sizes=\"(max-width: 800px) 100vw, 800px\" \/>\t\t\t\t\t\t\t\t\t\t\t\t\t\t\t<\/div>\n\t\t\t\t<\/div>\n\t\t\t\t\t<\/div>\n\t\t<\/div>\n\t\t\t\t\t<\/div>\n\t\t<\/section>\n\t\t\t\t<div class=\"elementor-element elementor-element-5dc4fc53 elementor-absolute elementor-widget elementor-widget-image\" data-id=\"5dc4fc53\" data-element_type=\"widget\" data-settings=\"{&quot;_position&quot;:&quot;absolute&quot;}\" data-widget_type=\"image.default\">\n\t\t\t\t<div class=\"elementor-widget-container\">\n\t\t\t\t\t\t\t\t\t\t\t\t\t\t\t<img decoding=\"async\" width=\"1185\" height=\"288\" src=\"https:\/\/bastienbaumet.fr\/wp-content\/uploads\/2025\/04\/3a5e61dc-group.png\" class=\"attachment-full size-full wp-image-21\" alt=\"\" srcset=\"https:\/\/bastienbaumet.fr\/wp-content\/uploads\/2025\/04\/3a5e61dc-group.png 1185w, https:\/\/bastienbaumet.fr\/wp-content\/uploads\/2025\/04\/3a5e61dc-group-300x73.png 300w, https:\/\/bastienbaumet.fr\/wp-content\/uploads\/2025\/04\/3a5e61dc-group-1024x249.png 1024w, https:\/\/bastienbaumet.fr\/wp-content\/uploads\/2025\/04\/3a5e61dc-group-768x187.png 768w, https:\/\/bastienbaumet.fr\/wp-content\/uploads\/2025\/04\/3a5e61dc-group-600x146.png 600w\" sizes=\"(max-width: 1185px) 100vw, 1185px\" \/>\t\t\t\t\t\t\t\t\t\t\t\t\t\t\t<\/div>\n\t\t\t\t<\/div>\n\t\t\t\t\t<\/div>\n\t\t<\/div>\n\t\t\t\t\t<\/div>\n\t\t<\/section>\n\t\t\t\t<section class=\"elementor-section elementor-top-section elementor-element elementor-element-2058b7cc elementor-section-boxed elementor-section-height-default elementor-section-height-default wpr-particle-no wpr-jarallax-no wpr-parallax-no wpr-sticky-section-no\" data-id=\"2058b7cc\" data-element_type=\"section\" data-settings=\"{&quot;background_background&quot;:&quot;classic&quot;}\">\n\t\t\t\t\t\t<div class=\"elementor-container elementor-column-gap-default\">\n\t\t\t\t\t<div class=\"elementor-column elementor-col-100 elementor-top-column elementor-element elementor-element-35305ede\" data-id=\"35305ede\" data-element_type=\"column\">\n\t\t\t<div class=\"elementor-widget-wrap elementor-element-populated\">\n\t\t\t\t\t\t<section class=\"elementor-section elementor-inner-section elementor-element elementor-element-48ed5ac8 elementor-section-content-middle elementor-section-boxed elementor-section-height-default elementor-section-height-default wpr-particle-no wpr-jarallax-no wpr-parallax-no wpr-sticky-section-no\" data-id=\"48ed5ac8\" data-element_type=\"section\">\n\t\t\t\t\t\t<div class=\"elementor-container elementor-column-gap-default\">\n\t\t\t\t\t<div class=\"elementor-column elementor-col-50 elementor-inner-column elementor-element elementor-element-2ad17693\" data-id=\"2ad17693\" data-element_type=\"column\">\n\t\t\t<div class=\"elementor-widget-wrap elementor-element-populated\">\n\t\t\t\t\t\t<div class=\"elementor-element elementor-element-2a32f443 animated-slow elementor-invisible elementor-widget elementor-widget-heading\" data-id=\"2a32f443\" data-element_type=\"widget\" data-settings=\"{&quot;_animation&quot;:&quot;fadeInLeft&quot;}\" data-widget_type=\"heading.default\">\n\t\t\t\t<div class=\"elementor-widget-container\">\n\t\t\t\t\t<span class=\"elementor-heading-title elementor-size-default\">Dernier Album<\/span>\t\t\t\t<\/div>\n\t\t\t\t<\/div>\n\t\t\t\t<div class=\"elementor-element elementor-element-4c84080e animated-slow elementor-invisible elementor-widget elementor-widget-heading\" data-id=\"4c84080e\" data-element_type=\"widget\" data-settings=\"{&quot;_animation&quot;:&quot;fadeInLeft&quot;}\" data-widget_type=\"heading.default\">\n\t\t\t\t<div class=\"elementor-widget-container\">\n\t\t\t\t\t<h2 class=\"elementor-heading-title elementor-size-default\">Ascencion<\/h2>\t\t\t\t<\/div>\n\t\t\t\t<\/div>\n\t\t\t\t<div class=\"elementor-element elementor-element-5cf001f4 animated-slow elementor-invisible elementor-widget elementor-widget-heading\" data-id=\"5cf001f4\" data-element_type=\"widget\" data-settings=\"{&quot;_animation&quot;:&quot;fadeInLeft&quot;}\" data-widget_type=\"heading.default\">\n\t\t\t\t<div class=\"elementor-widget-container\">\n\t\t\t\t\t<p class=\"elementor-heading-title elementor-size-default\">En 2020, Bastien Baumet enregistre un nouveau CD \u201cAscension\u201d avec Alexis Demailly et le Brass band Fribourg.<\/p>\t\t\t\t<\/div>\n\t\t\t\t<\/div>\n\t\t\t\t\t<\/div>\n\t\t<\/div>\n\t\t\t\t<div class=\"elementor-column elementor-col-50 elementor-inner-column elementor-element elementor-element-1d11f28b\" data-id=\"1d11f28b\" data-element_type=\"column\">\n\t\t\t<div class=\"elementor-widget-wrap elementor-element-populated\">\n\t\t\t\t\t\t<div class=\"elementor-element elementor-element-6a522759 animated-slow elementor-invisible elementor-widget elementor-widget-image\" data-id=\"6a522759\" data-element_type=\"widget\" data-settings=\"{&quot;_animation&quot;:&quot;fadeInRight&quot;}\" data-widget_type=\"image.default\">\n\t\t\t\t<div class=\"elementor-widget-container\">\n\t\t\t\t\t\t\t\t\t\t\t\t\t\t\t\t<a href=\"http:\/\/bastieb.cluster100.hosting.ovh.net\/index.php\/js_albums\/ascencion\/\">\n\t\t\t\t\t\t\t<img decoding=\"async\" width=\"2048\" height=\"2048\" src=\"https:\/\/bastienbaumet.fr\/wp-content\/uploads\/2025\/04\/Ascension.png\" class=\"attachment-full size-full wp-image-196\" alt=\"\" srcset=\"https:\/\/bastienbaumet.fr\/wp-content\/uploads\/2025\/04\/Ascension.png 2048w, https:\/\/bastienbaumet.fr\/wp-content\/uploads\/2025\/04\/Ascension-300x300.png 300w, https:\/\/bastienbaumet.fr\/wp-content\/uploads\/2025\/04\/Ascension-1024x1024.png 1024w, https:\/\/bastienbaumet.fr\/wp-content\/uploads\/2025\/04\/Ascension-150x150.png 150w, https:\/\/bastienbaumet.fr\/wp-content\/uploads\/2025\/04\/Ascension-768x768.png 768w, https:\/\/bastienbaumet.fr\/wp-content\/uploads\/2025\/04\/Ascension-1536x1536.png 1536w, https:\/\/bastienbaumet.fr\/wp-content\/uploads\/2025\/04\/Ascension-100x100.png 100w, https:\/\/bastienbaumet.fr\/wp-content\/uploads\/2025\/04\/Ascension-200x200.png 200w, https:\/\/bastienbaumet.fr\/wp-content\/uploads\/2025\/04\/Ascension-400x400.png 400w, https:\/\/bastienbaumet.fr\/wp-content\/uploads\/2025\/04\/Ascension-500x500.png 500w\" sizes=\"(max-width: 2048px) 100vw, 2048px\" \/>\t\t\t\t\t\t\t\t<\/a>\n\t\t\t\t\t\t\t\t\t\t\t\t\t\t\t<\/div>\n\t\t\t\t<\/div>\n\t\t\t\t\t<\/div>\n\t\t<\/div>\n\t\t\t\t\t<\/div>\n\t\t<\/section>\n\t\t\t\t\t<\/div>\n\t\t<\/div>\n\t\t\t\t\t<\/div>\n\t\t<\/section>\n\t\t\t\t<\/div>\n\t\t","protected":false},"excerpt":{"rendered":"<p>Home Biographie Biographie Soliste International Bastien Baumet N\u00e9 en 1988, Bastien d\u00e9bute son apprentissage musical \u00e0 l\u2019\u00e2ge de six ans dans le sud de la France et obtient tous ses dipl\u00f4mes au conservatoire de N\u00eemes en 2003 \u00e0 l\u2019\u00e2ge de 14 ans et au conservatoire de Villeurbanne 2005 \u00e0 16 ans. En 2006, \u00e0 17 ans, il est re\u00e7u premier nomm\u00e9 au Conservatoire National Sup\u00e9rieur de Musique et de Danse de Paris. Il est laur\u00e9at, cette ann\u00e9e l\u00e0, du Concours Europ\u00e9en pour Jeunes Solistes au Luxembourg. Membre fondateur du Paris Brass Band, Bastien occupait le poste d\u2019Euphonium solo jusqu\u2019en 2022 (Champion de France 2012, 2013, 2014, 2015, 2016, 2018, Vice Champion d\u2019Europe 2019). Par ailleurs, depuis 2006, il est r\u00e9guli\u00e8rement sollicit\u00e9 par des formations telles l\u2019Orchestre National de Lyon, l\u2019Orchestre Philharmonique de Radio-France, l\u2019Orchestre de l\u2019Op\u00e9ra National de Paris, l\u2019Orchestre National du Capitole de Toulouse, l&rsquo;Orchestre National de France, &#8230; En 2007, Bastien est nomm\u00e9, sur concours, euphonium solo de l\u2019Orchestre d\u2019Harmonie des Gardiens de la Paix de la Pr\u00e9fecture de Police de Paris, apr\u00e8s avoir \u00e9t\u00e9 re\u00e7u \u00e0 la Musique de la Flotte de Brest et \u00e0 la Musique de l\u2019Air et de l\u2019Espace de Paris. En 2008, il remporte le 1er prix du concours international de JEJU en Cor\u00e9e du Sud, un des concours les plus prestigieux pour euphonium. En juin 2012, il gagne le prix de soliste \u00e0 l&rsquo;Open d&rsquo;Amboise de Brass-band. Bastien est nomm\u00e9 professeur du Conservatoire National Sup\u00e9rieur de Musique et Danse de Lyon en 2017. Il enseigne \u00e9galement au Conservatoire du 13\u00e8me arrondissement depuis 2011. Depuis 2008, Bastien se produit r\u00e9guli\u00e8rement en soliste en France et \u00e0 l\u2019\u00e9tranger, o\u00f9 il y donne r\u00e9citals, concerts en soliste avec brass band, Orchestre d\u2019Harmonie ou Symphonique en combinant avec des master-class. En Janvier 2012 il sort son premier CD \u00ab Art of the Euphonium \u00bb chez la maison de disque Indesens. En 2014, il produit son deuxi\u00e8me disque \u00ab Portraits \u00bb en duo avec Alexis Demailly (cornet solo de l\u2019Op\u00e9ra de Paris). Son troisi\u00e8me album s\u2019appelle \u00ab Romance \u00bb enregistr\u00e9 avec Mathilde Nguyen au piano en 2016. \u00ab Radiance \u00bb enregistr\u00e9 avec la Musique de l\u2019Air de Lisbonne, est sorti en 2019. En 2020, il enregistre un nouveau CD \u201cAscension\u201d avec Alexis Demailly et le Brass band Fribourg. Bastien est artiste Besson (il joue l\u2019euphonium Sovereign), artiste Courtois (il joue le saxhorn Legend 366) et artiste Denis Wick (embouchures et sourdines). Download Dernier Album Ascencion En 2020, Bastien Baumet enregistre un nouveau CD \u201cAscension\u201d avec Alexis Demailly et le Brass band Fribourg.<\/p>\n","protected":false},"author":1,"featured_media":0,"parent":0,"menu_order":0,"comment_status":"closed","ping_status":"closed","template":"elementor_header_footer","meta":{"footnotes":""},"class_list":["post-733","page","type-page","status-publish","hentry"],"_links":{"self":[{"href":"https:\/\/bastienbaumet.fr\/index.php\/wp-json\/wp\/v2\/pages\/733","targetHints":{"allow":["GET"]}}],"collection":[{"href":"https:\/\/bastienbaumet.fr\/index.php\/wp-json\/wp\/v2\/pages"}],"about":[{"href":"https:\/\/bastienbaumet.fr\/index.php\/wp-json\/wp\/v2\/types\/page"}],"author":[{"embeddable":true,"href":"https:\/\/bastienbaumet.fr\/index.php\/wp-json\/wp\/v2\/users\/1"}],"replies":[{"embeddable":true,"href":"https:\/\/bastienbaumet.fr\/index.php\/wp-json\/wp\/v2\/comments?post=733"}],"version-history":[{"count":10,"href":"https:\/\/bastienbaumet.fr\/index.php\/wp-json\/wp\/v2\/pages\/733\/revisions"}],"predecessor-version":[{"id":889,"href":"https:\/\/bastienbaumet.fr\/index.php\/wp-json\/wp\/v2\/pages\/733\/revisions\/889"}],"wp:attachment":[{"href":"https:\/\/bastienbaumet.fr\/index.php\/wp-json\/wp\/v2\/media?parent=733"}],"curies":[{"name":"wp","href":"https:\/\/api.w.org\/{rel}","templated":true}]}}